{"id":11,"date":"2018-04-11T21:59:27","date_gmt":"2018-04-11T19:59:27","guid":{"rendered":"http:\/\/www.cosystory.be\/?page_id=11"},"modified":"2018-04-15T12:18:02","modified_gmt":"2018-04-15T10:18:02","slug":"une-section-de-page-daccueil","status":"publish","type":"page","link":"https:\/\/www.cosystory.be\/index.php\/une-section-de-page-daccueil\/","title":{"rendered":"Pour qui ?"},"content":{"rendered":"<p><strong>Toute personne ou organisme d\u00e9sireux de donner la parole aux a\u00een\u00e9s<\/strong> peut se former ou former ses collaborateurs, les volontaires, les aidants proches&#8230; \u00e0 l\u2019utilisation de l\u2019outil ludique Cosy Story.<\/p>\n<p><strong>Et dans un cadre familial<\/strong>, chacun peut utiliser Cosy Story en toute simplicit\u00e9 et bienveillance, et pourquoi pas en r\u00e9unissant diff\u00e9rentes g\u00e9n\u00e9rations.<\/p>\n","protected":false},"excerpt":{"rendered":"<p>Toute personne ou organisme d\u00e9sireux de donner la parole aux a\u00een\u00e9s peut se former ou former ses collaborateurs, les volontaires, les aidants proches&#8230; \u00e0 l\u2019utilisation de l\u2019outil ludique Cosy Story. Et dans un cadre familial, chacun peut utiliser Cosy Story en toute simplicit\u00e9 et bienveillance, et pourquoi pas en r\u00e9unissant diff\u00e9rentes g\u00e9n\u00e9rations.<\/p>\n","protected":false},"author":1,"featured_media":31,"parent":0,"menu_order":0,"comment_status":"closed","ping_status":"closed","template":"","meta":[],"_links":{"self":[{"href":"https:\/\/www.cosystory.be\/index.php\/wp-json\/wp\/v2\/pages\/11"}],"collection":[{"href":"https:\/\/www.cosystory.be\/index.php\/wp-json\/wp\/v2\/pages"}],"about":[{"href":"https:\/\/www.cosystory.be\/index.php\/wp-json\/wp\/v2\/types\/page"}],"author":[{"embeddable":true,"href":"https:\/\/www.cosystory.be\/index.php\/wp-json\/wp\/v2\/users\/1"}],"replies":[{"embeddable":true,"href":"https:\/\/www.cosystory.be\/index.php\/wp-json\/wp\/v2\/comments?post=11"}],"version-history":[{"count":0,"href":"https:\/\/www.cosystory.be\/index.php\/wp-json\/wp\/v2\/pages\/11\/revisions"}],"wp:featuredmedia":[{"embeddable":true,"href":"https:\/\/www.cosystory.be\/index.php\/wp-json\/wp\/v2\/media\/31"}],"wp:attachment":[{"href":"https:\/\/www.cosystory.be\/index.php\/wp-json\/wp\/v2\/media?parent=11"}],"curies":[{"name":"wp","href":"https:\/\/api.w.org\/{rel}","templated":true}]}}