{"id":157,"date":"2018-04-13T09:15:56","date_gmt":"2018-04-13T07:15:56","guid":{"rendered":"http:\/\/www.cosystory.be\/?page_id=157"},"modified":"2024-01-30T23:27:17","modified_gmt":"2024-01-30T22:27:17","slug":"accueil","status":"publish","type":"page","link":"https:\/\/www.cosystory.be\/","title":{"rendered":"Accueil"},"content":{"rendered":"<p><strong>Pour les a\u00een\u00e9s ou personnes fragilis\u00e9es qui nous entourent, partager ses souvenirs d\u2019hier et ses souhaits pour demain, aide \u00e0 \u00eatre acteur de sa vie, cr\u00e9er des liens, \u00eatre mieux consid\u00e9r\u00e9.<\/strong><\/p>\n<p><strong>Nous les accompagnons, ainsi que l&rsquo;entourage familial ou professionnel<\/strong>, \u00e0 faciliter les \u00e9changes autour des besoins et souhaits qui les animent, et \u00e0 r\u00e9fl\u00e9chir \u00e0 la mani\u00e8re de les r\u00e9aliser au mieux.<\/p>\n","protected":false},"excerpt":{"rendered":"<p>Pour les a\u00een\u00e9s ou personnes fragilis\u00e9es qui nous entourent, partager ses souvenirs d\u2019hier et ses souhaits pour demain, aide \u00e0 \u00eatre acteur de sa vie, cr\u00e9er des liens, \u00eatre mieux consid\u00e9r\u00e9. Nous les accompagnons, ainsi que l&rsquo;entourage familial ou professionnel, \u00e0 faciliter les \u00e9changes autour des besoins et souhaits qui les animent, et \u00e0 r\u00e9fl\u00e9chir &hellip; <\/p>\n<p class=\"link-more\"><a href=\"https:\/\/www.cosystory.be\/\" class=\"more-link\">Continuer la lecture<span class=\"screen-reader-text\"> de &laquo;&nbsp;Accueil&nbsp;&raquo;<\/span><\/a><\/p>\n","protected":false},"author":1,"featured_media":0,"parent":0,"menu_order":0,"comment_status":"closed","ping_status":"closed","template":"","meta":[],"_links":{"self":[{"href":"https:\/\/www.cosystory.be\/index.php\/wp-json\/wp\/v2\/pages\/157"}],"collection":[{"href":"https:\/\/www.cosystory.be\/index.php\/wp-json\/wp\/v2\/pages"}],"about":[{"href":"https:\/\/www.cosystory.be\/index.php\/wp-json\/wp\/v2\/types\/page"}],"author":[{"embeddable":true,"href":"https:\/\/www.cosystory.be\/index.php\/wp-json\/wp\/v2\/users\/1"}],"replies":[{"embeddable":true,"href":"https:\/\/www.cosystory.be\/index.php\/wp-json\/wp\/v2\/comments?post=157"}],"version-history":[{"count":1,"href":"https:\/\/www.cosystory.be\/index.php\/wp-json\/wp\/v2\/pages\/157\/revisions"}],"predecessor-version":[{"id":255,"href":"https:\/\/www.cosystory.be\/index.php\/wp-json\/wp\/v2\/pages\/157\/revisions\/255"}],"wp:attachment":[{"href":"https:\/\/www.cosystory.be\/index.php\/wp-json\/wp\/v2\/media?parent=157"}],"curies":[{"name":"wp","href":"https:\/\/api.w.org\/{rel}","templated":true}]}}