{"id":198,"date":"2018-05-30T18:53:15","date_gmt":"2018-05-30T16:53:15","guid":{"rendered":"http:\/\/www.cosystory.be\/?page_id=198"},"modified":"2023-01-06T16:07:22","modified_gmt":"2023-01-06T15:07:22","slug":"commande","status":"publish","type":"page","link":"https:\/\/www.cosystory.be\/index.php\/commande\/","title":{"rendered":"Commande"},"content":{"rendered":"<script type=\"text\/javascript\">var gform;gform||(document.addEventListener(\"gform_main_scripts_loaded\",function(){gform.scriptsLoaded=!0}),window.addEventListener(\"DOMContentLoaded\",function(){gform.domLoaded=!0}),gform={domLoaded:!1,scriptsLoaded:!1,initializeOnLoaded:function(o){gform.domLoaded&&gform.scriptsLoaded?o():!gform.domLoaded&&gform.scriptsLoaded?window.addEventListener(\"DOMContentLoaded\",o):document.addEventListener(\"gform_main_scripts_loaded\",o)},hooks:{action:{},filter:{}},addAction:function(o,n,r,t){gform.addHook(\"action\",o,n,r,t)},addFilter:function(o,n,r,t){gform.addHook(\"filter\",o,n,r,t)},doAction:function(o){gform.doHook(\"action\",o,arguments)},applyFilters:function(o){return gform.doHook(\"filter\",o,arguments)},removeAction:function(o,n){gform.removeHook(\"action\",o,n)},removeFilter:function(o,n,r){gform.removeHook(\"filter\",o,n,r)},addHook:function(o,n,r,t,i){null==gform.hooks[o][n]&&(gform.hooks[o][n]=[]);var e=gform.hooks[o][n];null==i&&(i=n+\"_\"+e.length),gform.hooks[o][n].push({tag:i,callable:r,priority:t=null==t?10:t})},doHook:function(n,o,r){var t;if(r=Array.prototype.slice.call(r,1),null!=gform.hooks[n][o]&&((o=gform.hooks[n][o]).sort(function(o,n){return o.priority-n.priority}),o.forEach(function(o){\"function\"!=typeof(t=o.callable)&&(t=window[t]),\"action\"==n?t.apply(null,r):r[0]=t.apply(null,r)})),\"filter\"==n)return r[0]},removeHook:function(o,n,t,i){var r;null!=gform.hooks[o][n]&&(r=(r=gform.hooks[o][n]).filter(function(o,n,r){return!!(null!=i&&i!=o.tag||null!=t&&t!=o.priority)}),gform.hooks[o][n]=r)}});<\/script>\n                <div class='gf_browser_gecko gform_wrapper gravity-theme' id='gform_wrapper_1' >\n                        <div class='gform_heading'>\n                            <h2 class=\"gform_title\">Formulaire de commande<\/h2>\n                            <span class='gform_description'><\/span>\n\t\t\t\t\t\t\t<p class='gform_required_legend'>\u00ab\u00a0<span class=\"gfield_required gfield_required_asterisk\">*<\/span>\u00a0\u00bb indique les champs n\u00e9cessaires<\/p>\n                        <\/div><form method='post' enctype='multipart\/form-data'  id='gform_1'  action='\/index.php\/wp-json\/wp\/v2\/pages\/198' novalidate>\n                        <div class='gform_body gform-body'><div id='gform_fields_1' class='gform_fields top_label form_sublabel_below description_below'><div id=\"field_1_12\"  class=\"gfield gfield--width-full gfield_html gfield_html_formatted gfield_no_follows_desc field_sublabel_below field_description_below gfield_visibility_visible\"  data-js-reload=\"field_1_12\">Pour valider votre commande, merci de compl\u00e9ter le formulaire et d'effectuer le virement correspondant.<\/div><div id=\"field_1_8\"  class=\"gfield gsection field_sublabel_below field_description_below gfield_visibility_visible\"  data-js-reload=\"field_1_8\"><h3 class=\"gsection_title\"><\/h3><\/div><fieldset id=\"field_1_1\"  class=\"gfield gfield--width-full gfield_contains_required field_sublabel_below field_description_below gfield_visibility_visible\"  data-js-reload=\"field_1_1\"><legend class='gfield_label gfield_label_before_complex'  >Identit\u00e9<span class=\"gfield_required\"><span class=\"gfield_required gfield_required_asterisk\">*<\/span><\/span><\/legend><div class='ginput_complex ginput_container no_prefix has_first_name no_middle_name has_last_name no_suffix gf_name_has_2 ginput_container_name' id='input_1_1'>\n                            \n                            <span id='input_1_1_3_container' class='name_first' >\n                                                    <input type='text' name='input_1.3' id='input_1_1_3' value=''   aria-required='true'     \/>\n                                                    <label for='input_1_1_3' >Pr\u00e9nom<\/label>\n                                                <\/span>\n                            \n                            <span id='input_1_1_6_container' class='name_last' >\n                                                    <input type='text' name='input_1.6' id='input_1_1_6' value=''   aria-required='true'     \/>\n                                                    <label for='input_1_1_6' >Nom<\/label>\n                                                <\/span>\n                            \n                        <\/div><\/fieldset><div id=\"field_1_3\"  class=\"gfield gfield--width-half gfield_contains_required field_sublabel_below field_description_below gfield_visibility_visible\"  data-js-reload=\"field_1_3\"><label class='gfield_label' for='input_1_3' >E-mail<span class=\"gfield_required\"><span class=\"gfield_required gfield_required_asterisk\">*<\/span><\/span><\/label><div class='ginput_container ginput_container_email'>\n                            <input name='input_3' id='input_1_3' type='email' value='' class='large'    aria-required=\"true\" aria-invalid=\"false\"  \/>\n                        <\/div><\/div><div id=\"field_1_4\"  class=\"gfield gfield--width-half gfield_contains_required field_sublabel_below field_description_below gfield_visibility_visible\"  data-js-reload=\"field_1_4\"><label class='gfield_label' for='input_1_4' >T\u00e9l\u00e9phone<span class=\"gfield_required\"><span class=\"gfield_required gfield_required_asterisk\">*<\/span><\/span><\/label><div class='ginput_container ginput_container_phone'><input name='input_4' id='input_1_4' type='tel' value='' class='large'   aria-required=\"true\" aria-invalid=\"false\"   \/><\/div><\/div><div id=\"field_1_13\"  class=\"gfield gsection field_sublabel_below field_description_below gfield_visibility_visible\"  data-js-reload=\"field_1_13\"><h3 class=\"gsection_title\"><\/h3><\/div><div id=\"field_1_16\"  class=\"gfield gfield--width-full gfield_html gfield_html_formatted gfield_no_follows_desc field_sublabel_below field_description_below gfield_visibility_visible\"  data-js-reload=\"field_1_16\"><h3>Institutions<\/h3><\/div><div id=\"field_1_5\"  class=\"gfield gfield--width-full gfield_price gfield_price_1_5 gfield_product_1_5 field_sublabel_below field_description_below gfield_visibility_visible\"  data-js-reload=\"field_1_5\"><label class='gfield_label gfield_label_before_complex' for='input_1_5_1' >Formation de 3h30 dans votre institution avec l&#039;outil ludique<\/label><div class='ginput_container ginput_container_singleproduct'>\n\t\t\t\t\t<input type='hidden' name='input_5.1' value='Formation de 3h30 dans votre institution avec l&#039;outil ludique' class='gform_hidden' \/>\n\t\t\t\t\t<div id='ginput_product_price_1_5' class='ginput_product_price_wrapper'>\n\t\t\t\t\t\t<span class='ginput_product_price_label'>Prix:<\/span>\n\t\t\t\t\t\t<span class='ginput_product_price' id='input_1_5'>409,00 &#8364;<\/span>\n\t\t\t\t\t<\/div>\n\t\t\t\t\t<input type='hidden' name='input_5.2' id='ginput_base_price_1_5' class='gform_hidden' value='409,00 &#8364;'\/>\n\t\t\t\t\t <span class='ginput_quantity_label' aria-hidden='true'>Quantit\u00e9 :<\/span> <input type='number' name='input_5.3' value='' id='input_1_5_1' class='ginput_quantity' size='10' min='0'   aria-label=\"Quantit\u00e9 Formation de 3h30 dans votre institution avec l&#039;outil ludique\" aria-describedby=\"ginput_product_price_1_5 gfield_description_1_5\" \/>\n\t\t\t\t<\/div><div class='gfield_description' id='gfield_description_1_5'>D\u00e8s la commande d'une formation, la date est fix\u00e9e de commun accord end\u00e9ans les 2 mois.<\/div><\/div><div id=\"field_1_10\"  class=\"gfield gsection field_sublabel_below field_description_below gfield_visibility_visible\"  data-js-reload=\"field_1_10\"><h3 class=\"gsection_title\"><\/h3><\/div><div id=\"field_1_14\"  class=\"gfield gfield--width-full gfield_html gfield_html_formatted gfield_no_follows_desc field_sublabel_below field_description_below gfield_visibility_visible\"  data-js-reload=\"field_1_14\"><h3>Particuliers<\/h3><\/div><div id=\"field_1_6\"  class=\"gfield gfield--width-full gfield_price gfield_price_1_6 gfield_product_1_6 field_sublabel_below field_description_below gfield_visibility_visible\"  data-js-reload=\"field_1_6\"><label class='gfield_label gfield_label_before_complex' for='input_1_6_1' >Outil ludique complet (50 cartes, d\u00e9, affiches \u00e0 personnaliser et sac) avec envoi postal en Belgique<\/label><div class='ginput_container ginput_container_singleproduct'>\n\t\t\t\t\t<input type='hidden' name='input_6.1' value='Outil ludique complet (50 cartes, d\u00e9, affiches \u00e0 personnaliser et sac) avec envoi postal en Belgique' class='gform_hidden' \/>\n\t\t\t\t\t<div id='ginput_product_price_1_6' class='ginput_product_price_wrapper'>\n\t\t\t\t\t\t<span class='ginput_product_price_label'>Prix:<\/span>\n\t\t\t\t\t\t<span class='ginput_product_price' id='input_1_6'>57,00 &#8364;<\/span>\n\t\t\t\t\t<\/div>\n\t\t\t\t\t<input type='hidden' name='input_6.2' id='ginput_base_price_1_6' class='gform_hidden' value='57,00 &#8364;'\/>\n\t\t\t\t\t <span class='ginput_quantity_label' aria-hidden='true'>Quantit\u00e9 :<\/span> <input type='number' name='input_6.3' value='' id='input_1_6_1' class='ginput_quantity' size='10' min='0'   aria-label=\"Quantit\u00e9 Outil ludique complet (50 cartes, d\u00e9, affiches \u00e0 personnaliser et sac) avec envoi postal en Belgique\" aria-describedby=\"ginput_product_price_1_6 gfield_description_1_6\" \/>\n\t\t\t\t<\/div><div class='gfield_description' id='gfield_description_1_6'>Dont 8\u20ac de frais d'envoi (BE)<\/div><\/div><div id=\"field_1_9\"  class=\"gfield gsection field_sublabel_below field_description_below gfield_visibility_visible\"  data-js-reload=\"field_1_9\"><h3 class=\"gsection_title\"><\/h3><\/div><div id=\"field_1_7\"  class=\"gfield gfield--width-full gfield_price gfield_price_1_ gfield_total gfield_total_1_ field_sublabel_below field_description_below gfield_visibility_visible\"  aria-atomic=\"true\" aria-live=\"polite\" data-js-reload=\"field_1_7\"><label class='gfield_label' for='input_1_7' >Total<\/label><div class='ginput_container ginput_container_total'>\n\t\t\t\t\t\t\t<input readonly name='input_7' id='input_1_7' value='0,00 &#8364;' class='gform-text-input-reset ginput_total ginput_total_1' \/>\n\t\t\t\t\t\t<\/div><\/div><div id=\"field_1_15\"  class=\"gfield gfield--width-full gfield_html gfield_html_formatted gfield_no_follows_desc field_sublabel_below field_description_below gfield_visibility_visible\"  data-js-reload=\"field_1_15\">Pour toute autre commande, envoyez-nous un mail avec votre demande \u00e0 <a href=\"mailto:dehon.chantal@gmail.com\">dehon.chantal@gmail.com<\/a>.\n<br>\nToute commande est valable d\u00e8s r\u00e9ception du paiement sur le compte \n<strong>BE10 9734 4387 8704<\/strong>\nau nom de COSY-asbl<\/div><div id=\"field_1_17\"  class=\"gfield gform_validation_container field_sublabel_below field_description_below gfield_visibility_visible\"  data-js-reload=\"field_1_17\"><label class='gfield_label' for='input_1_17' >Phone<\/label><div class='ginput_container'><input name='input_17' id='input_1_17' type='text' value='' autocomplete='new-password'\/><\/div><div class='gfield_description' id='gfield_description_1_17'>Ce champ n\u2019est utilis\u00e9 qu\u2019\u00e0 des fins de validation et devrait rester inchang\u00e9.<\/div><\/div><\/div><\/div>\n        <div class='gform_footer top_label'> <input type='submit' id='gform_submit_button_1' class='gform_button button' value='Passer commande'  onclick='if(window[\"gf_submitting_1\"]){return false;}  if( !jQuery(\"#gform_1\")[0].checkValidity || jQuery(\"#gform_1\")[0].checkValidity()){window[\"gf_submitting_1\"]=true;}  ' onkeypress='if( event.keyCode == 13 ){ if(window[\"gf_submitting_1\"]){return false;} if( !jQuery(\"#gform_1\")[0].checkValidity || jQuery(\"#gform_1\")[0].checkValidity()){window[\"gf_submitting_1\"]=true;}  jQuery(\"#gform_1\").trigger(\"submit\",[true]); }' \/> \n            <input type='hidden' class='gform_hidden' name='is_submit_1' value='1' \/>\n            <input type='hidden' class='gform_hidden' name='gform_submit' value='1' \/>\n            \n            <input type='hidden' class='gform_hidden' name='gform_unique_id' value='' \/>\n            <input type='hidden' class='gform_hidden' name='state_1' value='WyJ7XCI1LjFcIjpcIjliMTUxNGY2ZTI1YTZhYjJiNGMzNjlkOTgxNzgzYjg4XCIsXCI1LjJcIjpcImNmZWZkNGM3Y2Y2MzNiMGNhYjliNzA2MzM2ZGE1YTlkXCIsXCI2LjFcIjpcIjEwODAwMDgwOThmYzg0OGNmYjdlNzZjZTdlMWZiY2M0XCIsXCI2LjJcIjpcIjQwMmRlNmFlOTQ4MWEwYWMwNTc2MzFiMWRiMzYzOWUyXCJ9IiwiNDc5ZjJlZjI1NmExMjAyOTIyZmVkN2ZjZjM1YWRkYzIiXQ==' \/>\n            <input type='hidden' class='gform_hidden' name='gform_target_page_number_1' id='gform_target_page_number_1' value='0' \/>\n            <input type='hidden' class='gform_hidden' name='gform_source_page_number_1' id='gform_source_page_number_1' value='1' \/>\n            <input type='hidden' name='gform_field_values' value='' \/>\n            \n        <\/div>\n                        <\/form>\n                        <\/div>\n","protected":false},"excerpt":{"rendered":"","protected":false},"author":1,"featured_media":0,"parent":0,"menu_order":0,"comment_status":"closed","ping_status":"closed","template":"","meta":[],"_links":{"self":[{"href":"https:\/\/www.cosystory.be\/index.php\/wp-json\/wp\/v2\/pages\/198"}],"collection":[{"href":"https:\/\/www.cosystory.be\/index.php\/wp-json\/wp\/v2\/pages"}],"about":[{"href":"https:\/\/www.cosystory.be\/index.php\/wp-json\/wp\/v2\/types\/page"}],"author":[{"embeddable":true,"href":"https:\/\/www.cosystory.be\/index.php\/wp-json\/wp\/v2\/users\/1"}],"replies":[{"embeddable":true,"href":"https:\/\/www.cosystory.be\/index.php\/wp-json\/wp\/v2\/comments?post=198"}],"version-history":[{"count":2,"href":"https:\/\/www.cosystory.be\/index.php\/wp-json\/wp\/v2\/pages\/198\/revisions"}],"predecessor-version":[{"id":258,"href":"https:\/\/www.cosystory.be\/index.php\/wp-json\/wp\/v2\/pages\/198\/revisions\/258"}],"wp:attachment":[{"href":"https:\/\/www.cosystory.be\/index.php\/wp-json\/wp\/v2\/media?parent=198"}],"curies":[{"name":"wp","href":"https:\/\/api.w.org\/{rel}","templated":true}]}}