{"id":7,"date":"2018-04-11T21:59:27","date_gmt":"2018-04-11T19:59:27","guid":{"rendered":"http:\/\/www.cosystory.be\/?page_id=7"},"modified":"2024-02-01T21:01:00","modified_gmt":"2024-02-01T20:01:00","slug":"concept","status":"publish","type":"page","link":"https:\/\/www.cosystory.be\/index.php\/concept\/","title":{"rendered":"Concept"},"content":{"rendered":"<p><strong>Cosy Story est un outil ludique qui permet d\u2019aborder avec les a\u00een\u00e9s des questions autour de 6 th\u00e9matiques de vie. Il est compos\u00e9 de 2 modules compl\u00e9mentaires.<\/strong><\/p>\n<p><strong>Le 1er &lsquo;Faisons connaissance&rsquo;<\/strong> aide \u00e0 identifier ses besoins et son projet de vie individuel.<\/p>\n<p><strong>Le 2\u00e8 &lsquo;Partage de mes souhaits&rsquo;<\/strong> se parcourt en quelques s\u00e9ances, en t\u00eate \u00e0 t\u00eate ou en petit groupe, gr\u00e2ce aux cartes questions. Ces \u00e9changes permettent de cr\u00e9er une affiche &lsquo;Partage de mes souhaits&rsquo;.<\/p>\n<p>Par la suite, il est aussi possible de commander un carnet \u00e0 personnaliser.<\/p>\n","protected":false},"excerpt":{"rendered":"<p>Cosy Story est un outil ludique qui permet d\u2019aborder avec les a\u00een\u00e9s des questions autour de 6 th\u00e9matiques de vie. Il est compos\u00e9 de 2 modules compl\u00e9mentaires. Le 1er &lsquo;Faisons connaissance&rsquo; aide \u00e0 identifier ses besoins et son projet de vie individuel. Le 2\u00e8 &lsquo;Partage de mes souhaits&rsquo; se parcourt en quelques s\u00e9ances, en t\u00eate &hellip; <\/p>\n<p class=\"link-more\"><a href=\"https:\/\/www.cosystory.be\/index.php\/concept\/\" class=\"more-link\">Continuer la lecture<span class=\"screen-reader-text\"> de &laquo;&nbsp;Concept&nbsp;&raquo;<\/span><\/a><\/p>\n","protected":false},"author":1,"featured_media":133,"parent":0,"menu_order":0,"comment_status":"closed","ping_status":"closed","template":"","meta":[],"_links":{"self":[{"href":"https:\/\/www.cosystory.be\/index.php\/wp-json\/wp\/v2\/pages\/7"}],"collection":[{"href":"https:\/\/www.cosystory.be\/index.php\/wp-json\/wp\/v2\/pages"}],"about":[{"href":"https:\/\/www.cosystory.be\/index.php\/wp-json\/wp\/v2\/types\/page"}],"author":[{"embeddable":true,"href":"https:\/\/www.cosystory.be\/index.php\/wp-json\/wp\/v2\/users\/1"}],"replies":[{"embeddable":true,"href":"https:\/\/www.cosystory.be\/index.php\/wp-json\/wp\/v2\/comments?post=7"}],"version-history":[{"count":1,"href":"https:\/\/www.cosystory.be\/index.php\/wp-json\/wp\/v2\/pages\/7\/revisions"}],"predecessor-version":[{"id":266,"href":"https:\/\/www.cosystory.be\/index.php\/wp-json\/wp\/v2\/pages\/7\/revisions\/266"}],"wp:featuredmedia":[{"embeddable":true,"href":"https:\/\/www.cosystory.be\/index.php\/wp-json\/wp\/v2\/media\/133"}],"wp:attachment":[{"href":"https:\/\/www.cosystory.be\/index.php\/wp-json\/wp\/v2\/media?parent=7"}],"curies":[{"name":"wp","href":"https:\/\/api.w.org\/{rel}","templated":true}]}}