{"id":91,"date":"2018-04-12T15:03:35","date_gmt":"2018-04-12T13:03:35","guid":{"rendered":"http:\/\/www.cosystory.be\/?page_id=91"},"modified":"2018-04-30T14:49:37","modified_gmt":"2018-04-30T12:49:37","slug":"contact-2","status":"publish","type":"page","link":"https:\/\/www.cosystory.be\/index.php\/contact-2\/","title":{"rendered":"En savoir +"},"content":{"rendered":"<p>COSY-asbl a pour but de soutenir les a\u00een\u00e9s ou personnes fragilis\u00e9es \u00e0 \u00eatre acteurs de leur vie-vieillissement, en lien avec eux-m\u00eames et leur entourage, pour plus d&rsquo;autonomie et de consid\u00e9ration.<\/p>\n<p>Nos activit\u00e9s sont :<\/p>\n<ul>\n<li>Sensibiliser au partage d&rsquo;histoire de vie et \u00e0 l&rsquo;outil ludique Cosy Story ;<\/li>\n<li>Animer des s\u00e9ances ludiques Cosy Story pour votre organisation ;<\/li>\n<li>Faciliter le partenariat avec les b\u00e9n\u00e9ficiaires, organiser des tables rondes autour de leurs besoins, cr\u00e9er un projet d&rsquo;institution (MRS, communes, CCCA&#8230;) ;<\/li>\n<li>Sensibiliser l&rsquo;entourage \u00e0 l&rsquo;\u00e9coute et l&#8217;empathie dans la relation d&rsquo;aide ;<\/li>\n<li>Cr\u00e9er des liens entre diff\u00e9rentes initiatives aux buts similaires ou compl\u00e9mentaires, s&rsquo;enrichir mutuellement et am\u00e9liorer notre visibilit\u00e9.<\/li>\n<\/ul>\n<p>Vous \u00eates int\u00e9ress\u00e9s par nos projets ? Contactez Chantal Dehon, infirmi\u00e8re et expert en management de la sant\u00e9.<\/p>\n<p><a href=\"mailto:dehon.chantal@gmail.com\">dehon.chantal@gmail.com<\/a><\/p>\n","protected":false},"excerpt":{"rendered":"<p>COSY-asbl a pour but de soutenir les a\u00een\u00e9s ou personnes fragilis\u00e9es \u00e0 \u00eatre acteurs de leur vie-vieillissement, en lien avec eux-m\u00eames et leur entourage, pour plus d&rsquo;autonomie et de consid\u00e9ration. Nos activit\u00e9s sont : Sensibiliser au partage d&rsquo;histoire de vie et \u00e0 l&rsquo;outil ludique Cosy Story ; Animer des s\u00e9ances ludiques Cosy Story pour votre &hellip; <\/p>\n<p class=\"link-more\"><a href=\"https:\/\/www.cosystory.be\/index.php\/contact-2\/\" class=\"more-link\">Continuer la lecture<span class=\"screen-reader-text\"> de &laquo;&nbsp;En savoir +&nbsp;&raquo;<\/span><\/a><\/p>\n","protected":false},"author":1,"featured_media":0,"parent":0,"menu_order":0,"comment_status":"closed","ping_status":"closed","template":"","meta":[],"_links":{"self":[{"href":"https:\/\/www.cosystory.be\/index.php\/wp-json\/wp\/v2\/pages\/91"}],"collection":[{"href":"https:\/\/www.cosystory.be\/index.php\/wp-json\/wp\/v2\/pages"}],"about":[{"href":"https:\/\/www.cosystory.be\/index.php\/wp-json\/wp\/v2\/types\/page"}],"author":[{"embeddable":true,"href":"https:\/\/www.cosystory.be\/index.php\/wp-json\/wp\/v2\/users\/1"}],"replies":[{"embeddable":true,"href":"https:\/\/www.cosystory.be\/index.php\/wp-json\/wp\/v2\/comments?post=91"}],"version-history":[{"count":0,"href":"https:\/\/www.cosystory.be\/index.php\/wp-json\/wp\/v2\/pages\/91\/revisions"}],"wp:attachment":[{"href":"https:\/\/www.cosystory.be\/index.php\/wp-json\/wp\/v2\/media?parent=91"}],"curies":[{"name":"wp","href":"https:\/\/api.w.org\/{rel}","templated":true}]}}